{"id":2570,"date":"2020-09-08T11:34:21","date_gmt":"2020-09-08T11:34:21","guid":{"rendered":"https:\/\/mavilop.es\/registro-de-clientes\/"},"modified":"2021-02-08T12:47:58","modified_gmt":"2021-02-08T12:47:58","slug":"client-registration","status":"publish","type":"page","link":"https:\/\/mavilop.es\/en\/client-registration\/","title":{"rendered":"Client registration"},"content":{"rendered":"<div class=\"wpb-content-wrapper\"><p>[vc_row][vc_column][vc_column_text el_class=&#8221;mavilop-row-title grey&#8221;]<\/p>\n<h2 class=\"title_section\" style=\"text-align: center;\">New Client Registration<small class=\"sub_heading\">JOIN MAVILOP&#8217;S WORLD<\/small><\/h2>\n<p>[\/vc_column_text][vc_column_text]<\/p>\n<p style=\"text-align: center;\">By creating an account on Mavilop, you will be able to access all our catalogues,<br \/>\nas well as access to 3D product downloads.<br \/>\nSign up and become part of the Mavilop family.<\/p>\n<p>[\/vc_column_text][vc_empty_space height=&#8221;40px&#8221;][vc_column_text el_class=&#8221;form-register&#8221;]        <form enctype=\"multipart\/form-data\" method=\"post\" id=\"wppb-register-user\" class=\"wppb-user-forms wppb-register-user wppb-user-logged-out\" action=\"https:\/\/mavilop.es\/en\/wp-json\/wp\/v2\/pages\/2570\">\n\t\t\t<ul><li class=\"wppb-form-field wppb-default-e-mail pbpl-class\" id=\"wppb-form-element-8\">\n\t\t\t<label for=\"email\">E-mail<span class=\"wppb-required\" title=\"This field is required\">*<\/span><\/label>\n\t\t\t<input class=\"text-input default_field_email \" name=\"email\" maxlength=\"70\" type=\"email\" id=\"email\" value=\"\" placeholder = \"E-mail*\"  \/><span class=\"wppb-description-delimiter\">Direcci\u00f3n de correo electr\u00f3nico v\u00e1lida. Todos los correos electr\u00f3nicos del sistema ser\u00e1n enviados a esta direcci\u00f3n. Esta direcci\u00f3n no se har\u00e1 p\u00fablica. \/\/\nValid email address. All system emails will be sent to this address. This address will not be made public.\n<\/span><\/li><li class=\"wppb-form-field wppb-input pbpl-class\" id=\"wppb-form-element-23\">\n\t\t\t\t<label for=\"mavilop-empresa\">Empresa \/ Company<span class=\"wppb-required\" title=\"This field is required\">*<\/span><\/label>\n\t\t\t\t<input class=\"extra_field_input \" name=\"mavilop-empresa\" maxlength=\"250\" type=\"text\" id=\"mavilop-empresa\" value=\"\" placeholder = \"Empresa \/ Company*\"\/><\/li><li class=\"wppb-form-field wppb-input pbpl-class\" id=\"wppb-form-element-25\">\n\t\t\t\t<label for=\"mavilop-cif\">CIF \/ VAT<span class=\"wppb-required\" title=\"This field is required\">*<\/span><\/label>\n\t\t\t\t<input class=\"extra_field_input \" name=\"mavilop-cif\" maxlength=\"250\" type=\"text\" id=\"mavilop-cif\" value=\"\" placeholder = \"CIF \/ VAT*\"\/><\/li><li class=\"wppb-form-field wppb-default-first-name pbpl-class\" id=\"wppb-form-element-3\">\n\t\t\t<label for=\"first_name\">Nombre \/ Name<\/label>\n\t\t\t<input class=\"text-input default_field_firstname \" name=\"first_name\" maxlength=\"70\" type=\"text\" id=\"first_name\" value=\"\" placeholder = \"Nombre \/ Name\" \/><span class=\"wppb-description-delimiter\">Nombre de la persona de contacto<\/span><\/li><li class=\"wppb-form-field wppb-default-last-name pbpl-class\" id=\"wppb-form-element-4\">\n\t\t\t<label for=\"last_name\">Apellidos \/ Last Name<\/label>\n\t\t\t<input class=\"text-input default_field_lastname \" name=\"last_name\" maxlength=\"70\" type=\"text\" id=\"last_name\" value=\"\" placeholder = \"Apellidos \/ Last Name\"\/><span class=\"wppb-description-delimiter\">Apellidos de la persona de contacto<\/span><\/li><li class=\"wppb-form-field wppb-input pbpl-class\" id=\"wppb-form-element-18\">\n\t\t\t\t<label for=\"mavilop-pob\">Poblaci\u00f3n \/ City<span class=\"wppb-required\" title=\"This field is required\">*<\/span><\/label>\n\t\t\t\t<input class=\"extra_field_input \" name=\"mavilop-pob\" maxlength=\"250\" type=\"text\" id=\"mavilop-pob\" value=\"\" placeholder = \"Poblaci\u00f3n \/ City*\"\/><\/li><li class=\"wppb-form-field wppb-input pbpl-class\" id=\"wppb-form-element-19\">\n\t\t\t\t<label for=\"mavilop-prov\">Provincia \/ Province<span class=\"wppb-required\" title=\"This field is required\">*<\/span><\/label>\n\t\t\t\t<input class=\"extra_field_input \" name=\"mavilop-prov\" maxlength=\"250\" type=\"text\" id=\"mavilop-prov\" value=\"\" placeholder = \"Provincia \/ Province*\"\/><\/li><li class=\"wppb-form-field wppb-number pbpl-class\" id=\"wppb-form-element-20\">\n\t\t\t\t<label for=\"mavilop-cp\">C\u00f3digo Postal \/ Post code<span class=\"wppb-required\" title=\"This field is required\">*<\/span><\/label>\n\t\t\t\t<input class=\"extra_field_number \" name=\"mavilop-cp\" maxlength=\"70\" step=\"any\" type=\"number\" min=\"\" max=\"\" id=\"mavilop-cp\" value=\"\" placeholder = \"C\u00f3digo Postal \/ Post code*\"\/><\/li><li class=\"wppb-form-field wppb-input pbpl-class\" id=\"wppb-form-element-24\">\n\t\t\t\t<label for=\"phone-number\">Tel\u00e9fono \/ Phone number<span class=\"wppb-required\" title=\"This field is required\">*<\/span><\/label>\n\t\t\t\t<input class=\"extra_field_input \" name=\"phone-number\" maxlength=\"250\" type=\"text\" id=\"phone-number\" value=\"\" placeholder = \"Tel\u00e9fono \/ Phone number*\"\/><\/li><li class=\"wppb-form-field wppb-select pbpl-class\" id=\"wppb-form-element-21\">\n\t\t\t\t<label for=\"mavilop-como-conocido\">\u00bfC\u00f3mo nos has conocido? \/  Tell us how you knew about us<span class=\"wppb-required\" title=\"This field is required\">*<\/span><\/label>\n\t\t\t\t<select name=\"mavilop-como-conocido\" id=\"mavilop-como-conocido\" class=\"custom_field_select\" ><option value=\"\" class=\"custom_field_select_option \" disabled selected>\u00bfC\u00f3mo nos has conocido? \/  Tell us how you knew about us*<\/option><option value=\"En una feria\" class=\"custom_field_select_option \" >En una feria<\/option><option value=\"Google\" class=\"custom_field_select_option \" >Google<\/option><option value=\"Revistas o publicaciones\" class=\"custom_field_select_option \" >Revistas o publicaciones<\/option><option value=\"Redes sociales\" class=\"custom_field_select_option \" >Redes sociales<\/option><option value=\"Recomendaci\u00f3n\" class=\"custom_field_select_option \" >Recomendaci\u00f3n<\/option><option value=\"Otra\" class=\"custom_field_select_option \" >Otra<\/option>\n\t\t\t\t<\/select><\/li><li class=\"wppb-form-field wppb-input pbpl-class\" id=\"wppb-form-element-22\">\n\t\t\t\t<label for=\"mavilop-como-conocido-2\">Puedes especificar c\u00f3mo nos has conocido aqu\u00ed<span class=\"wppb-required\" title=\"This field is required\">*<\/span><\/label>\n\t\t\t\t<input class=\"extra_field_input \" name=\"mavilop-como-conocido-2\" maxlength=\"250\" type=\"text\" id=\"mavilop-como-conocido-2\" value=\"-\" placeholder = \"Puedes especificar c\u00f3mo nos has conocido aqu\u00ed*\"\/><\/li><li class=\"wppb-form-field wppb-default-password pbpl-class\" id=\"wppb-form-element-15\"><div class=\"wppb-password-group\">\n\t\t\t\t<div class=\"wppb-password-subfield wppb-new-password-subfield\">\n\t\t\t\t\t<label for=\"passw1\">Contrase\u00f1a \/ Password  <span class=\"wppb-required\" title=\"This field is required\">*<\/span><\/label>\n\t\t            <span class=\"wppb-password-field-container\">\n\t\t\t\t\t    <input class=\"text-input \" name=\"passw1\" maxlength=\"70\" type=\"password\" id=\"passw1\" value=\"\" autocomplete=\"off\" placeholder = \"Contrase\u00f1a \/ Password  *\"\/>\n\t\t\t\t\t     <!-- add the HTML for the visibility toggle -->\n\t\t\t\t\t<\/span>\n\t\t\t\t<\/div><\/div><span class=\"wppb-description-delimiter\">Escriba su contrase\u00f1a. Minimum length of 6 characters. <\/span><\/li><li class=\"wppb-form-field wppb-default-repeat-password pbpl-class\" id=\"wppb-form-element-16\">\n\t\t\t<label for=\"passw2\">Repetir contrase\u00f1a \/ Repeat Password<span class=\"wppb-required\" title=\"This field is required\">*<\/span><\/label>\n\t\t\t<span class=\"wppb-password-field-container\">\n\t\t\t    <input class=\"text-input \" name=\"passw2\" maxlength=\"70\" type=\"password\" id=\"passw2\" value=\"\" autocomplete=\"off\" placeholder = \"Repetir contrase\u00f1a \/ Repeat Password*\"\/>\n\t\t\t     <!-- add the HTML for the visibility toggle -->\n\t\t\t<\/span><span class=\"wppb-description-delimiter\">Escriba su contrase\u00f1a nuevamente. \/\/ Write your password again.<\/span><\/li><\/ul><ul><li class=\"wppb-form-field wppb-send-credentials-checkbox\"><label for=\"send_credentials_via_email\"><input id=\"send_credentials_via_email\" type=\"checkbox\" name=\"send_credentials_via_email\" value=\"sending\"\/>Send these credentials via email.<\/label><\/li><\/ul><\/ul>\t\t\t<p class=\"form-submit\"  >\n\t\t\t\t                \t\t\t\t<input name=\"register\" type=\"submit\" id=\"register\" class=\"submit button\" value=\"Register\" \/>\n                <input name=\"redirect_to\" type=\"hidden\" value=\"\" \/>\n                \t\t\t\t<input name=\"action\" type=\"hidden\" id=\"action\" value=\"register\" \/>\n\t\t\t\t<input name=\"form_name\" type=\"hidden\" id=\"form_name\" value=\"unspecified\" \/>\n\t\t\t\t<input name=\"form_id\" type=\"hidden\" id=\"form_id\" value=\"\" \/>\n\t\t\t\t<input type=\"hidden\" name=\"wppb_referer_url\" value=\"\"\/>\t\t\t<\/p><!-- .form-submit -->\n\t\t\t<input type=\"hidden\" id=\"register_unspecified_nonce_field\" name=\"register_unspecified_nonce_field\" value=\"74327558ac\" \/><input type=\"hidden\" name=\"_wp_http_referer\" value=\"\/en\/wp-json\/wp\/v2\/pages\/2570\" \/>\t\t<\/form>\n\t\t[\/vc_column_text][vc_empty_space height=&#8221;40px&#8221;][\/vc_column][\/vc_row]<\/p>\n<\/div>","protected":false},"excerpt":{"rendered":"<p>[vc_row][vc_column][vc_column_text el_class=&#8221;mavilop-row-title grey&#8221;] New Client RegistrationJOIN MAVILOP&#8217;S WORLD [\/vc_column_text][vc_column_text] By creating an account on Mavilop, you will be able to<\/p>\n","protected":false},"author":1,"featured_media":0,"parent":0,"menu_order":50,"comment_status":"closed","ping_status":"closed","template":"","meta":{"_acf_changed":false,"_joinchat":[],"footnotes":""},"class_list":["post-2570","page","type-page","status-publish","hentry"],"acf":[],"yoast_head":"<!-- This site is optimized with the Yoast SEO Premium plugin v25.0 (Yoast SEO v27.4) - https:\/\/yoast.com\/product\/yoast-seo-premium-wordpress\/ -->\n<title>Client registration | Mavilop<\/title>\n<meta name=\"robots\" content=\"noindex, nofollow\" \/>\n<meta property=\"og:locale\" content=\"en_US\" \/>\n<meta property=\"og:type\" content=\"article\" \/>\n<meta property=\"og:title\" content=\"Client registration\" \/>\n<meta property=\"og:description\" content=\"[vc_row][vc_column][vc_column_text el_class=&#8221;mavilop-row-title grey&#8221;] New Client RegistrationJOIN MAVILOP&#8217;S WORLD [\/vc_column_text][vc_column_text] By creating an account on Mavilop, you will be able to\" \/>\n<meta property=\"og:url\" content=\"https:\/\/mavilop.es\/en\/client-registration\/\" \/>\n<meta property=\"og:site_name\" content=\"Mavilop\" \/>\n<meta property=\"article:publisher\" content=\"https:\/\/es-es.facebook.com\/mavilop.sl\" \/>\n<meta property=\"article:modified_time\" content=\"2021-02-08T12:47:58+00:00\" \/>\n<meta name=\"twitter:card\" content=\"summary_large_image\" \/>\n<meta name=\"twitter:site\" content=\"@mavilop_sl\" \/>\n<meta name=\"twitter:label1\" content=\"Est. reading time\" \/>\n\t<meta name=\"twitter:data1\" content=\"1 minute\" \/>\n<script type=\"application\/ld+json\" class=\"yoast-schema-graph\">{\"@context\":\"https:\\\/\\\/schema.org\",\"@graph\":[{\"@type\":\"WebPage\",\"@id\":\"https:\\\/\\\/mavilop.es\\\/en\\\/client-registration\\\/\",\"url\":\"https:\\\/\\\/mavilop.es\\\/en\\\/client-registration\\\/\",\"name\":\"Client registration | Mavilop\",\"isPartOf\":{\"@id\":\"https:\\\/\\\/mavilop.es\\\/en\\\/#website\"},\"datePublished\":\"2020-09-08T11:34:21+00:00\",\"dateModified\":\"2021-02-08T12:47:58+00:00\",\"breadcrumb\":{\"@id\":\"https:\\\/\\\/mavilop.es\\\/en\\\/client-registration\\\/#breadcrumb\"},\"inLanguage\":\"en-US\",\"potentialAction\":[{\"@type\":\"ReadAction\",\"target\":[\"https:\\\/\\\/mavilop.es\\\/en\\\/client-registration\\\/\"]}]},{\"@type\":\"BreadcrumbList\",\"@id\":\"https:\\\/\\\/mavilop.es\\\/en\\\/client-registration\\\/#breadcrumb\",\"itemListElement\":[{\"@type\":\"ListItem\",\"position\":1,\"name\":\"Portada\",\"item\":\"https:\\\/\\\/mavilop.es\\\/en\\\/\"},{\"@type\":\"ListItem\",\"position\":2,\"name\":\"Client registration\"}]},{\"@type\":\"WebSite\",\"@id\":\"https:\\\/\\\/mavilop.es\\\/en\\\/#website\",\"url\":\"https:\\\/\\\/mavilop.es\\\/en\\\/\",\"name\":\"Mavilop\",\"description\":\"Mobiliario contract. Muebles de Interior y exterior\",\"publisher\":{\"@id\":\"https:\\\/\\\/mavilop.es\\\/en\\\/#organization\"},\"potentialAction\":[{\"@type\":\"SearchAction\",\"target\":{\"@type\":\"EntryPoint\",\"urlTemplate\":\"https:\\\/\\\/mavilop.es\\\/en\\\/?s={search_term_string}\"},\"query-input\":{\"@type\":\"PropertyValueSpecification\",\"valueRequired\":true,\"valueName\":\"search_term_string\"}}],\"inLanguage\":\"en-US\"},{\"@type\":\"Organization\",\"@id\":\"https:\\\/\\\/mavilop.es\\\/en\\\/#organization\",\"name\":\"Mavilop\",\"url\":\"https:\\\/\\\/mavilop.es\\\/en\\\/\",\"logo\":{\"@type\":\"ImageObject\",\"inLanguage\":\"en-US\",\"@id\":\"https:\\\/\\\/mavilop.es\\\/en\\\/#\\\/schema\\\/logo\\\/image\\\/\",\"url\":\"https:\\\/\\\/mavilop.es\\\/wp-content\\\/uploads\\\/2020\\\/09\\\/mavilop-logo-header.png\",\"contentUrl\":\"https:\\\/\\\/mavilop.es\\\/wp-content\\\/uploads\\\/2020\\\/09\\\/mavilop-logo-header.png\",\"width\":145,\"height\":40,\"caption\":\"Mavilop\"},\"image\":{\"@id\":\"https:\\\/\\\/mavilop.es\\\/en\\\/#\\\/schema\\\/logo\\\/image\\\/\"},\"sameAs\":[\"https:\\\/\\\/es-es.facebook.com\\\/mavilop.sl\",\"https:\\\/\\\/x.com\\\/mavilop_sl\",\"https:\\\/\\\/www.instagram.com\\\/mavilop.sl\\\/\",\"https:\\\/\\\/es.linkedin.com\\\/company\\\/mavilop\",\"https:\\\/\\\/www.pinterest.es\\\/mavilop\\\/\",\"https:\\\/\\\/www.youtube.com\\\/channel\\\/UC-Y_9SogiycJE5epDinQwPA\"]}]}<\/script>\n<!-- \/ Yoast SEO Premium plugin. -->","yoast_head_json":{"title":"Client registration | Mavilop","robots":{"index":"noindex","follow":"nofollow"},"og_locale":"en_US","og_type":"article","og_title":"Client registration","og_description":"[vc_row][vc_column][vc_column_text el_class=&#8221;mavilop-row-title grey&#8221;] New Client RegistrationJOIN MAVILOP&#8217;S WORLD [\/vc_column_text][vc_column_text] By creating an account on Mavilop, you will be able to","og_url":"https:\/\/mavilop.es\/en\/client-registration\/","og_site_name":"Mavilop","article_publisher":"https:\/\/es-es.facebook.com\/mavilop.sl","article_modified_time":"2021-02-08T12:47:58+00:00","twitter_card":"summary_large_image","twitter_site":"@mavilop_sl","twitter_misc":{"Est. reading time":"1 minute"},"schema":{"@context":"https:\/\/schema.org","@graph":[{"@type":"WebPage","@id":"https:\/\/mavilop.es\/en\/client-registration\/","url":"https:\/\/mavilop.es\/en\/client-registration\/","name":"Client registration | Mavilop","isPartOf":{"@id":"https:\/\/mavilop.es\/en\/#website"},"datePublished":"2020-09-08T11:34:21+00:00","dateModified":"2021-02-08T12:47:58+00:00","breadcrumb":{"@id":"https:\/\/mavilop.es\/en\/client-registration\/#breadcrumb"},"inLanguage":"en-US","potentialAction":[{"@type":"ReadAction","target":["https:\/\/mavilop.es\/en\/client-registration\/"]}]},{"@type":"BreadcrumbList","@id":"https:\/\/mavilop.es\/en\/client-registration\/#breadcrumb","itemListElement":[{"@type":"ListItem","position":1,"name":"Portada","item":"https:\/\/mavilop.es\/en\/"},{"@type":"ListItem","position":2,"name":"Client registration"}]},{"@type":"WebSite","@id":"https:\/\/mavilop.es\/en\/#website","url":"https:\/\/mavilop.es\/en\/","name":"Mavilop","description":"Mobiliario contract. Muebles de Interior y exterior","publisher":{"@id":"https:\/\/mavilop.es\/en\/#organization"},"potentialAction":[{"@type":"SearchAction","target":{"@type":"EntryPoint","urlTemplate":"https:\/\/mavilop.es\/en\/?s={search_term_string}"},"query-input":{"@type":"PropertyValueSpecification","valueRequired":true,"valueName":"search_term_string"}}],"inLanguage":"en-US"},{"@type":"Organization","@id":"https:\/\/mavilop.es\/en\/#organization","name":"Mavilop","url":"https:\/\/mavilop.es\/en\/","logo":{"@type":"ImageObject","inLanguage":"en-US","@id":"https:\/\/mavilop.es\/en\/#\/schema\/logo\/image\/","url":"https:\/\/mavilop.es\/wp-content\/uploads\/2020\/09\/mavilop-logo-header.png","contentUrl":"https:\/\/mavilop.es\/wp-content\/uploads\/2020\/09\/mavilop-logo-header.png","width":145,"height":40,"caption":"Mavilop"},"image":{"@id":"https:\/\/mavilop.es\/en\/#\/schema\/logo\/image\/"},"sameAs":["https:\/\/es-es.facebook.com\/mavilop.sl","https:\/\/x.com\/mavilop_sl","https:\/\/www.instagram.com\/mavilop.sl\/","https:\/\/es.linkedin.com\/company\/mavilop","https:\/\/www.pinterest.es\/mavilop\/","https:\/\/www.youtube.com\/channel\/UC-Y_9SogiycJE5epDinQwPA"]}]}},"_links":{"self":[{"href":"https:\/\/mavilop.es\/en\/wp-json\/wp\/v2\/pages\/2570","targetHints":{"allow":["GET"]}}],"collection":[{"href":"https:\/\/mavilop.es\/en\/wp-json\/wp\/v2\/pages"}],"about":[{"href":"https:\/\/mavilop.es\/en\/wp-json\/wp\/v2\/types\/page"}],"author":[{"embeddable":true,"href":"https:\/\/mavilop.es\/en\/wp-json\/wp\/v2\/users\/1"}],"replies":[{"embeddable":true,"href":"https:\/\/mavilop.es\/en\/wp-json\/wp\/v2\/comments?post=2570"}],"version-history":[{"count":0,"href":"https:\/\/mavilop.es\/en\/wp-json\/wp\/v2\/pages\/2570\/revisions"}],"wp:attachment":[{"href":"https:\/\/mavilop.es\/en\/wp-json\/wp\/v2\/media?parent=2570"}],"curies":[{"name":"wp","href":"https:\/\/api.w.org\/{rel}","templated":true}]}}